{"id":18628,"date":"2013-07-10T10:54:43","date_gmt":"2013-07-10T10:54:43","guid":{"rendered":"http:\/\/wp.agoff.de\/?page_id=18628"},"modified":"2014-03-24T20:58:00","modified_gmt":"2014-03-24T19:58:00","slug":"forschungsstellen","status":"publish","type":"page","link":"https:\/\/agoff.de\/?page_id=18628","title":{"rendered":"Forschungsstellen"},"content":{"rendered":"Die AGoFF-Forschungsstellen haben sich als zweckm\u00e4\u00dfig erwiesen, weil das Material f\u00fcr die einzelnen Forschungsgebiete dort gezielt gesammelt und spezielle Fragen regionaler Art von dort beantwortet werden k\u00f6nnen. Es gibt derzeit folgende Forschungsstellen:\r\n<table id=\"agoff-forschungsstellen\">\r\n<tbody>\r\n<tr>\r\n<td style=\"width: 33%;\"><a href=\"?p=607\">Baltikum<\/a><\/td>\r\n<td style=\"width: 33%;\"><a href=\"?p=599\">Donauschwaben und Ungarn<\/a><\/td>\r\n<td><a href=\"?p=613\">Galizien und Bukowina<\/a><\/td>\r\n<\/tr>\r\n<tr>\r\n<td><a href=\"?p=620\">Mittelpolen<\/a><\/td>\r\n<td><a href=\"?p=627\">Neumark (Ostbrandenburg)<\/a><\/td>\r\n<td><a href=\"?p=777\">Ost- und Westpreu\u00dfen<\/a><\/td>\r\n<\/tr>\r\n<tr>\r\n<td><a href=\"?p=792\">Pommern<\/a><\/td>\r\n<td><a href=\"?p=840\">Posen<\/a><\/td>\r\n<td><a href=\"?p=843\">Ru\u00dflanddeutsche<\/a><\/td>\r\n<\/tr>\r\n<tr>\r\n<td><a href=\"?p=7395\">Schlesien<\/a><\/td>\r\n<td><a href=\"?p=7409\">Sudetenland<\/a><\/td>\r\n<td><a href=\"?p=7414\">S\u00fcdosteuropa<\/a><\/td>\r\n<\/tr>\r\n<tr>\r\n<td><a href=\"?p=7420\">Wolhynien<\/a><\/td>\r\n<td><\/td>\r\n<td><\/td>\r\n<\/tr>\r\n<\/tbody>\r\n<\/table>","protected":false},"excerpt":{"rendered":"<p>Die AGoFF-Forschungsstellen haben sich als zweckm\u00e4\u00dfig erwiesen, weil das Material f\u00fcr die einzelnen Forschungsgebiete dort gezielt gesammelt und spezielle Fragen regionaler Art von dort beantwortet werden k\u00f6nnen. Es gibt derzeit folgende Forschungsstellen: Baltikum Donauschwaben und Ungarn Galizien und Bukowina Mittelpolen Neumark (Ostbrandenburg) Ost- und Westpreu\u00dfen Pommern Posen Ru\u00dflanddeutsche Schlesien Sudetenland S\u00fcdosteuropa Wolhynien<\/p>\n","protected":false},"author":1,"featured_media":0,"parent":14704,"menu_order":1,"comment_status":"closed","ping_status":"closed","template":"","meta":{"ngg_post_thumbnail":0,"footnotes":""},"class_list":["post-18628","page","type-page","status-publish","hentry"],"_links":{"self":[{"href":"https:\/\/agoff.de\/index.php?rest_route=\/wp\/v2\/pages\/18628","targetHints":{"allow":["GET"]}}],"collection":[{"href":"https:\/\/agoff.de\/index.php?rest_route=\/wp\/v2\/pages"}],"about":[{"href":"https:\/\/agoff.de\/index.php?rest_route=\/wp\/v2\/types\/page"}],"author":[{"embeddable":true,"href":"https:\/\/agoff.de\/index.php?rest_route=\/wp\/v2\/users\/1"}],"replies":[{"embeddable":true,"href":"https:\/\/agoff.de\/index.php?rest_route=%2Fwp%2Fv2%2Fcomments&post=18628"}],"version-history":[{"count":3,"href":"https:\/\/agoff.de\/index.php?rest_route=\/wp\/v2\/pages\/18628\/revisions"}],"predecessor-version":[{"id":21686,"href":"https:\/\/agoff.de\/index.php?rest_route=\/wp\/v2\/pages\/18628\/revisions\/21686"}],"up":[{"embeddable":true,"href":"https:\/\/agoff.de\/index.php?rest_route=\/wp\/v2\/pages\/14704"}],"wp:attachment":[{"href":"https:\/\/agoff.de\/index.php?rest_route=%2Fwp%2Fv2%2Fmedia&parent=18628"}],"curies":[{"name":"wp","href":"https:\/\/api.w.org\/{rel}","templated":true}]}}