{"id":18630,"date":"2013-07-10T10:55:38","date_gmt":"2013-07-10T10:55:38","guid":{"rendered":"http:\/\/wp.agoff.de\/?page_id=18630"},"modified":"2014-03-24T20:57:33","modified_gmt":"2014-03-24T19:57:33","slug":"vereinsleben","status":"publish","type":"page","link":"https:\/\/agoff.de\/?page_id=18630","title":{"rendered":"Vereinsleben"},"content":{"rendered":"<table id=\"agoff-vereinsleben\">\r\n<tbody>\r\n<tr>\r\n<td style=\"width: 50%; height: 100%;\"><\/td>\r\n<td><\/td>\r\n<\/tr>\r\n<tr>\r\n<td><\/td>\r\n<td style=\"background-color: white;\">Auch wenn wir durch die Entlegenheit unseres Forschungsraumes weit \u00fcber Deutschland und dar\u00fcber hinaus verteilt sind, so nutzen wir jede Gelegenheit f\u00fcr den pers\u00f6nlichen Kontakt und das Gespr\u00e4ch unter Forscherkollegen. Gemeinsam organisieren wir Archivreisen ins Ausland, Bibliotheksbesuche und Workshops zu praktischen Fragestellungen.<\/td>\r\n<\/tr>\r\n<\/tbody>\r\n<\/table>","protected":false},"excerpt":{"rendered":"<p>Auch wenn wir durch die Entlegenheit unseres Forschungsraumes weit \u00fcber Deutschland und dar\u00fcber hinaus verteilt sind, so nutzen wir jede Gelegenheit f\u00fcr den pers\u00f6nlichen Kontakt und das Gespr\u00e4ch unter Forscherkollegen. Gemeinsam organisieren wir Archivreisen ins Ausland, Bibliotheksbesuche und Workshops zu praktischen Fragestellungen.<\/p>\n","protected":false},"author":1,"featured_media":0,"parent":14704,"menu_order":2,"comment_status":"closed","ping_status":"closed","template":"","meta":{"ngg_post_thumbnail":0,"footnotes":""},"class_list":["post-18630","page","type-page","status-publish","hentry"],"_links":{"self":[{"href":"https:\/\/agoff.de\/index.php?rest_route=\/wp\/v2\/pages\/18630","targetHints":{"allow":["GET"]}}],"collection":[{"href":"https:\/\/agoff.de\/index.php?rest_route=\/wp\/v2\/pages"}],"about":[{"href":"https:\/\/agoff.de\/index.php?rest_route=\/wp\/v2\/types\/page"}],"author":[{"embeddable":true,"href":"https:\/\/agoff.de\/index.php?rest_route=\/wp\/v2\/users\/1"}],"replies":[{"embeddable":true,"href":"https:\/\/agoff.de\/index.php?rest_route=%2Fwp%2Fv2%2Fcomments&post=18630"}],"version-history":[{"count":4,"href":"https:\/\/agoff.de\/index.php?rest_route=\/wp\/v2\/pages\/18630\/revisions"}],"predecessor-version":[{"id":21687,"href":"https:\/\/agoff.de\/index.php?rest_route=\/wp\/v2\/pages\/18630\/revisions\/21687"}],"up":[{"embeddable":true,"href":"https:\/\/agoff.de\/index.php?rest_route=\/wp\/v2\/pages\/14704"}],"wp:attachment":[{"href":"https:\/\/agoff.de\/index.php?rest_route=%2Fwp%2Fv2%2Fmedia&parent=18630"}],"curies":[{"name":"wp","href":"https:\/\/api.w.org\/{rel}","templated":true}]}}